{"id":666,"date":"2022-11-26T07:09:22","date_gmt":"2022-11-26T06:09:22","guid":{"rendered":"https:\/\/georges.weboost.fr\/?page_id=666"},"modified":"2022-12-15T16:00:23","modified_gmt":"2022-12-15T15:00:23","slug":"love-over-gold","status":"publish","type":"page","link":"https:\/\/villa-georges.com\/en\/love-over-gold\/","title":{"rendered":"LOVE OVER GOLD"},"content":{"rendered":"<div data-elementor-type=\"wp-page\" data-elementor-id=\"666\" class=\"elementor elementor-666\" data-elementor-post-type=\"page\">\n\t\t\t\t\t\t<section class=\"elementor-section elementor-top-section elementor-element elementor-element-0989f26 elementor-section-full_width elementor-section-height-default elementor-section-height-default\" data-id=\"0989f26\" data-element_type=\"section\">\n\t\t\t\t\t\t<div class=\"elementor-container elementor-column-gap-default\">\n\t\t\t\t\t<div class=\"elementor-column elementor-col-100 elementor-top-column elementor-element elementor-element-2ce346e\" data-id=\"2ce346e\" data-element_type=\"column\">\n\t\t\t<div class=\"elementor-widget-wrap elementor-element-populated\">\n\t\t\t\t\t\t<div class=\"elementor-element elementor-element-821f9ed elementor-widget elementor-widget-image\" data-id=\"821f9ed\" data-element_type=\"widget\" data-widget_type=\"image.default\">\n\t\t\t\t<div class=\"elementor-widget-container\">\n\t\t\t\t\t\t\t\t\t\t\t\t\t<img fetchpriority=\"high\" decoding=\"async\" width=\"1621\" height=\"679\" src=\"https:\/\/villa-georges.com\/wp-content\/uploads\/2022\/11\/Group-132.png\" class=\"attachment-full size-full wp-image-668\" alt=\"\" srcset=\"https:\/\/villa-georges.com\/wp-content\/uploads\/2022\/11\/Group-132.png 1621w, https:\/\/villa-georges.com\/wp-content\/uploads\/2022\/11\/Group-132-300x126.png 300w, https:\/\/villa-georges.com\/wp-content\/uploads\/2022\/11\/Group-132-1024x429.png 1024w, https:\/\/villa-georges.com\/wp-content\/uploads\/2022\/11\/Group-132-768x322.png 768w, https:\/\/villa-georges.com\/wp-content\/uploads\/2022\/11\/Group-132-1536x643.png 1536w\" sizes=\"(max-width: 1621px) 100vw, 1621px\" \/>\t\t\t\t\t\t\t\t\t\t\t\t\t<\/div>\n\t\t\t\t<\/div>\n\t\t\t\t\t<\/div>\n\t\t<\/div>\n\t\t\t\t\t<\/div>\n\t\t<\/section>\n\t\t\t\t<section class=\"elementor-section elementor-top-section elementor-element elementor-element-df10cb0 elementor-section-boxed elementor-section-height-default elementor-section-height-default\" data-id=\"df10cb0\" data-element_type=\"section\">\n\t\t\t\t\t\t<div class=\"elementor-container elementor-column-gap-default\">\n\t\t\t\t\t<div class=\"elementor-column elementor-col-50 elementor-top-column elementor-element elementor-element-8896819\" data-id=\"8896819\" data-element_type=\"column\">\n\t\t\t<div class=\"elementor-widget-wrap elementor-element-populated\">\n\t\t\t\t\t\t<div class=\"elementor-element elementor-element-d7064b0 elementor-widget elementor-widget-heading\" data-id=\"d7064b0\" data-element_type=\"widget\" data-widget_type=\"heading.default\">\n\t\t\t\t<div class=\"elementor-widget-container\">\n\t\t\t<h2 class=\"elementor-heading-title elementor-size-default\">Love over gold<\/h2>\t\t<\/div>\n\t\t\t\t<\/div>\n\t\t\t\t<div class=\"elementor-element elementor-element-df5be90 elementor-widget-divider--view-line elementor-widget elementor-widget-divider\" data-id=\"df5be90\" data-element_type=\"widget\" data-widget_type=\"divider.default\">\n\t\t\t\t<div class=\"elementor-widget-container\">\n\t\t\t\t\t<div class=\"elementor-divider\">\n\t\t\t<span class=\"elementor-divider-separator\">\n\t\t\t\t\t\t<\/span>\n\t\t<\/div>\n\t\t\t\t<\/div>\n\t\t\t\t<\/div>\n\t\t\t\t<div class=\"elementor-element elementor-element-a957bb4 elementor-widget elementor-widget-text-editor\" data-id=\"a957bb4\" data-element_type=\"widget\" data-widget_type=\"text-editor.default\">\n\t\t\t\t<div class=\"elementor-widget-container\">\n\t\t\t\t\t\t\t<p>Take possession of the premise in the Master bedroom with a direct access to the terrace and the swimming pool. <br \/>This bedroom will let you enjoy a 183x203cm king size bed, a wardrobe and cloth hangers, as well as an air-conditioning system and a dimmable light switch. <br \/>We also added mosquito nets and a movement detector.<br \/>Last but not least, your most precious belongings can be stored into the safety box (small vault).<\/p><p class=\" translation-block\">There is an adjoining bathroom with a bathtub, shower and washbasin furniture as well as a sink. <br>With its ultra-modern design, the bathroom will let you enjoy your stay stress free.<\/p>\t\t\t\t\t\t<\/div>\n\t\t\t\t<\/div>\n\t\t\t\t\t<\/div>\n\t\t<\/div>\n\t\t\t\t<div class=\"elementor-column elementor-col-50 elementor-top-column elementor-element elementor-element-072ad57 elementor-hidden-tablet elementor-hidden-mobile\" data-id=\"072ad57\" data-element_type=\"column\">\n\t\t\t<div class=\"elementor-widget-wrap\">\n\t\t\t\t\t\t\t<\/div>\n\t\t<\/div>\n\t\t\t\t\t<\/div>\n\t\t<\/section>\n\t\t\t\t<section class=\"elementor-section elementor-top-section elementor-element elementor-element-f9a5441 elementor-section-boxed elementor-section-height-default elementor-section-height-default\" data-id=\"f9a5441\" data-element_type=\"section\">\n\t\t\t\t\t\t<div class=\"elementor-container elementor-column-gap-default\">\n\t\t\t\t\t<div class=\"elementor-column elementor-col-33 elementor-top-column elementor-element elementor-element-75c440f\" data-id=\"75c440f\" data-element_type=\"column\">\n\t\t\t<div class=\"elementor-widget-wrap elementor-element-populated\">\n\t\t\t\t\t\t<div class=\"elementor-element elementor-element-21f42d4 elementor-widget elementor-widget-image\" data-id=\"21f42d4\" data-element_type=\"widget\" data-widget_type=\"image.default\">\n\t\t\t\t<div class=\"elementor-widget-container\">\n\t\t\t\t\t\t\t\t\t\t\t\t\t<img decoding=\"async\" width=\"407\" height=\"270\" src=\"https:\/\/villa-georges.com\/wp-content\/uploads\/2022\/11\/Group-107.png\" class=\"attachment-full size-full wp-image-682\" alt=\"\" srcset=\"https:\/\/villa-georges.com\/wp-content\/uploads\/2022\/11\/Group-107.png 407w, https:\/\/villa-georges.com\/wp-content\/uploads\/2022\/11\/Group-107-300x199.png 300w\" sizes=\"(max-width: 407px) 100vw, 407px\" \/>\t\t\t\t\t\t\t\t\t\t\t\t\t<\/div>\n\t\t\t\t<\/div>\n\t\t\t\t\t<\/div>\n\t\t<\/div>\n\t\t\t\t<div class=\"elementor-column elementor-col-33 elementor-top-column elementor-element elementor-element-075224c\" data-id=\"075224c\" data-element_type=\"column\">\n\t\t\t<div class=\"elementor-widget-wrap elementor-element-populated\">\n\t\t\t\t\t\t<div class=\"elementor-element elementor-element-56f5ca1 elementor-widget elementor-widget-image\" data-id=\"56f5ca1\" data-element_type=\"widget\" data-widget_type=\"image.default\">\n\t\t\t\t<div class=\"elementor-widget-container\">\n\t\t\t\t\t\t\t\t\t\t\t\t\t<img decoding=\"async\" width=\"407\" height=\"270\" src=\"https:\/\/villa-georges.com\/wp-content\/uploads\/2022\/11\/Group-109.png\" class=\"attachment-full size-full wp-image-683\" alt=\"\" srcset=\"https:\/\/villa-georges.com\/wp-content\/uploads\/2022\/11\/Group-109.png 407w, https:\/\/villa-georges.com\/wp-content\/uploads\/2022\/11\/Group-109-300x199.png 300w\" sizes=\"(max-width: 407px) 100vw, 407px\" \/>\t\t\t\t\t\t\t\t\t\t\t\t\t<\/div>\n\t\t\t\t<\/div>\n\t\t\t\t\t<\/div>\n\t\t<\/div>\n\t\t\t\t<div class=\"elementor-column elementor-col-33 elementor-top-column elementor-element elementor-element-52cddd6\" data-id=\"52cddd6\" data-element_type=\"column\">\n\t\t\t<div class=\"elementor-widget-wrap elementor-element-populated\">\n\t\t\t\t\t\t<div class=\"elementor-element elementor-element-ae024f1 elementor-widget elementor-widget-image\" data-id=\"ae024f1\" data-element_type=\"widget\" data-widget_type=\"image.default\">\n\t\t\t\t<div class=\"elementor-widget-container\">\n\t\t\t\t\t\t\t\t\t\t\t\t\t<img loading=\"lazy\" decoding=\"async\" width=\"407\" height=\"270\" src=\"https:\/\/villa-georges.com\/wp-content\/uploads\/2022\/11\/Group-111.png\" class=\"attachment-full size-full wp-image-684\" alt=\"\" srcset=\"https:\/\/villa-georges.com\/wp-content\/uploads\/2022\/11\/Group-111.png 407w, https:\/\/villa-georges.com\/wp-content\/uploads\/2022\/11\/Group-111-300x199.png 300w\" sizes=\"(max-width: 407px) 100vw, 407px\" \/>\t\t\t\t\t\t\t\t\t\t\t\t\t<\/div>\n\t\t\t\t<\/div>\n\t\t\t\t\t<\/div>\n\t\t<\/div>\n\t\t\t\t\t<\/div>\n\t\t<\/section>\n\t\t\t\t<section class=\"elementor-section elementor-top-section elementor-element elementor-element-0683288 elementor-section-boxed elementor-section-height-default elementor-section-height-default\" data-id=\"0683288\" data-element_type=\"section\">\n\t\t\t\t\t\t<div class=\"elementor-container elementor-column-gap-default\">\n\t\t\t\t\t<div class=\"elementor-column elementor-col-100 elementor-top-column elementor-element elementor-element-46b11d9\" data-id=\"46b11d9\" data-element_type=\"column\">\n\t\t\t<div class=\"elementor-widget-wrap elementor-element-populated\">\n\t\t\t\t\t\t<div class=\"elementor-element elementor-element-bcf6a7f elementor-widget elementor-widget-heading\" data-id=\"bcf6a7f\" data-element_type=\"widget\" data-widget_type=\"heading.default\">\n\t\t\t\t<div class=\"elementor-widget-container\">\n\t\t\t<h2 class=\"elementor-heading-title elementor-size-default\">Pick the room that speaks to you<\/h2>\t\t<\/div>\n\t\t\t\t<\/div>\n\t\t\t\t<section class=\"elementor-section elementor-inner-section elementor-element elementor-element-c786147 elementor-section-boxed elementor-section-height-default elementor-section-height-default\" data-id=\"c786147\" data-element_type=\"section\">\n\t\t\t\t\t\t<div class=\"elementor-container elementor-column-gap-default\">\n\t\t\t\t\t<div class=\"elementor-column elementor-col-33 elementor-inner-column elementor-element elementor-element-b3942f9\" data-id=\"b3942f9\" data-element_type=\"column\">\n\t\t\t<div class=\"elementor-widget-wrap elementor-element-populated\">\n\t\t\t\t\t\t<div class=\"elementor-element elementor-element-da8b055 elementor-widget elementor-widget-image\" data-id=\"da8b055\" data-element_type=\"widget\" data-widget_type=\"image.default\">\n\t\t\t\t<div class=\"elementor-widget-container\">\n\t\t\t\t\t\t\t\t\t\t\t\t\t<img loading=\"lazy\" decoding=\"async\" width=\"364\" height=\"357\" src=\"https:\/\/villa-georges.com\/wp-content\/uploads\/2022\/11\/Group-151.png\" class=\"attachment-full size-full wp-image-636\" alt=\"\" srcset=\"https:\/\/villa-georges.com\/wp-content\/uploads\/2022\/11\/Group-151.png 364w, https:\/\/villa-georges.com\/wp-content\/uploads\/2022\/11\/Group-151-300x294.png 300w\" sizes=\"(max-width: 364px) 100vw, 364px\" \/>\t\t\t\t\t\t\t\t\t\t\t\t\t<\/div>\n\t\t\t\t<\/div>\n\t\t\t\t<section class=\"elementor-section elementor-inner-section elementor-element elementor-element-388d46a elementor-section-height-min-height elementor-section-boxed elementor-section-height-default\" data-id=\"388d46a\" data-element_type=\"section\">\n\t\t\t\t\t\t<div class=\"elementor-container elementor-column-gap-default\">\n\t\t\t\t\t<div class=\"elementor-column elementor-col-100 elementor-inner-column elementor-element elementor-element-b607baa\" data-id=\"b607baa\" data-element_type=\"column\" data-settings=\"{&quot;background_background&quot;:&quot;classic&quot;}\">\n\t\t\t<div class=\"elementor-widget-wrap elementor-element-populated\">\n\t\t\t\t\t\t<div class=\"elementor-element elementor-element-ac66444 elementor-widget elementor-widget-heading\" data-id=\"ac66444\" data-element_type=\"widget\" data-widget_type=\"heading.default\">\n\t\t\t\t<div class=\"elementor-widget-container\">\n\t\t\t<h4 class=\"elementor-heading-title elementor-size-default\">BLACK STAR <\/h4>\t\t<\/div>\n\t\t\t\t<\/div>\n\t\t\t\t<div class=\"elementor-element elementor-element-dcf7718 elementor-widget elementor-widget-heading\" data-id=\"dcf7718\" data-element_type=\"widget\" data-widget_type=\"heading.default\">\n\t\t\t\t<div class=\"elementor-widget-container\">\n\t\t\t<h5 class=\"elementor-heading-title elementor-size-default\">17 m<sup>2<\/sup><\/h5>\t\t<\/div>\n\t\t\t\t<\/div>\n\t\t\t\t<div class=\"elementor-element elementor-element-f481730 elementor-widget-divider--view-line elementor-widget elementor-widget-divider\" data-id=\"f481730\" data-element_type=\"widget\" data-widget_type=\"divider.default\">\n\t\t\t\t<div class=\"elementor-widget-container\">\n\t\t\t\t\t<div class=\"elementor-divider\">\n\t\t\t<span class=\"elementor-divider-separator\">\n\t\t\t\t\t\t<\/span>\n\t\t<\/div>\n\t\t\t\t<\/div>\n\t\t\t\t<\/div>\n\t\t\t\t<div class=\"elementor-element elementor-element-5f87a4e elementor-widget elementor-widget-text-editor\" data-id=\"5f87a4e\" data-element_type=\"widget\" data-widget_type=\"text-editor.default\">\n\t\t\t\t<div class=\"elementor-widget-container\">\n\t\t\t\t\t\t\t<p>King size bed 183 x 203 cm<br \/>Terrace and pool access<br \/>Wardrobe\/ Clothes rack <br \/>Air-conditioning<br \/>Lighting: diming switch<br \/>Movement detectors<br \/>2 French windows <br \/>Mosquito nets <br \/>Massage furniture, desk<\/p>\t\t\t\t\t\t<\/div>\n\t\t\t\t<\/div>\n\t\t\t\t\t<\/div>\n\t\t<\/div>\n\t\t\t\t\t<\/div>\n\t\t<\/section>\n\t\t\t\t\t<\/div>\n\t\t<\/div>\n\t\t\t\t<div class=\"elementor-column elementor-col-33 elementor-inner-column elementor-element elementor-element-d9f566e\" data-id=\"d9f566e\" data-element_type=\"column\">\n\t\t\t<div class=\"elementor-widget-wrap elementor-element-populated\">\n\t\t\t\t\t\t<div class=\"elementor-element elementor-element-b0be3a6 elementor-widget elementor-widget-image\" data-id=\"b0be3a6\" data-element_type=\"widget\" data-widget_type=\"image.default\">\n\t\t\t\t<div class=\"elementor-widget-container\">\n\t\t\t\t\t\t\t\t\t\t\t\t\t<img loading=\"lazy\" decoding=\"async\" width=\"364\" height=\"357\" src=\"https:\/\/villa-georges.com\/wp-content\/uploads\/2022\/11\/Group-153.png\" class=\"attachment-full size-full wp-image-637\" alt=\"\" srcset=\"https:\/\/villa-georges.com\/wp-content\/uploads\/2022\/11\/Group-153.png 364w, https:\/\/villa-georges.com\/wp-content\/uploads\/2022\/11\/Group-153-300x294.png 300w\" sizes=\"(max-width: 364px) 100vw, 364px\" \/>\t\t\t\t\t\t\t\t\t\t\t\t\t<\/div>\n\t\t\t\t<\/div>\n\t\t\t\t<section class=\"elementor-section elementor-inner-section elementor-element elementor-element-0cd430c elementor-section-height-min-height elementor-section-boxed elementor-section-height-default\" data-id=\"0cd430c\" data-element_type=\"section\">\n\t\t\t\t\t\t<div class=\"elementor-container elementor-column-gap-default\">\n\t\t\t\t\t<div class=\"elementor-column elementor-col-100 elementor-inner-column elementor-element elementor-element-3ea8550\" data-id=\"3ea8550\" data-element_type=\"column\" data-settings=\"{&quot;background_background&quot;:&quot;classic&quot;}\">\n\t\t\t<div class=\"elementor-widget-wrap elementor-element-populated\">\n\t\t\t\t\t\t<div class=\"elementor-element elementor-element-579bd0c elementor-widget elementor-widget-heading\" data-id=\"579bd0c\" data-element_type=\"widget\" data-widget_type=\"heading.default\">\n\t\t\t\t<div class=\"elementor-widget-container\">\n\t\t\t<h4 class=\"elementor-heading-title elementor-size-default\">CRAZY DIAMOND<\/h4>\t\t<\/div>\n\t\t\t\t<\/div>\n\t\t\t\t<div class=\"elementor-element elementor-element-5afab66 elementor-widget elementor-widget-heading\" data-id=\"5afab66\" data-element_type=\"widget\" data-widget_type=\"heading.default\">\n\t\t\t\t<div class=\"elementor-widget-container\">\n\t\t\t<h5 class=\"elementor-heading-title elementor-size-default\">15 m<sup>2<\/sup><\/h5>\t\t<\/div>\n\t\t\t\t<\/div>\n\t\t\t\t<div class=\"elementor-element elementor-element-accd1f4 elementor-widget-divider--view-line elementor-widget elementor-widget-divider\" data-id=\"accd1f4\" data-element_type=\"widget\" data-widget_type=\"divider.default\">\n\t\t\t\t<div class=\"elementor-widget-container\">\n\t\t\t\t\t<div class=\"elementor-divider\">\n\t\t\t<span class=\"elementor-divider-separator\">\n\t\t\t\t\t\t<\/span>\n\t\t<\/div>\n\t\t\t\t<\/div>\n\t\t\t\t<\/div>\n\t\t\t\t<div class=\"elementor-element elementor-element-bc6b8c9 elementor-widget elementor-widget-text-editor\" data-id=\"bc6b8c9\" data-element_type=\"widget\" data-widget_type=\"text-editor.default\">\n\t\t\t\t<div class=\"elementor-widget-container\">\n\t\t\t\t\t\t\t<p>Queen size bed 153 x 203cm<br \/>Wardrobe\/ Clothes rack <br \/>Air-conditioning<br \/>Couch, desk<br \/>Lighting: diming switch <br \/>Movement detectors<br \/>Mosquito nets<\/p>\t\t\t\t\t\t<\/div>\n\t\t\t\t<\/div>\n\t\t\t\t\t<\/div>\n\t\t<\/div>\n\t\t\t\t\t<\/div>\n\t\t<\/section>\n\t\t\t\t\t<\/div>\n\t\t<\/div>\n\t\t\t\t<div class=\"elementor-column elementor-col-33 elementor-inner-column elementor-element elementor-element-9e09a11\" data-id=\"9e09a11\" data-element_type=\"column\">\n\t\t\t<div class=\"elementor-widget-wrap elementor-element-populated\">\n\t\t\t\t\t\t<div class=\"elementor-element elementor-element-8877cb5 elementor-widget elementor-widget-image\" data-id=\"8877cb5\" data-element_type=\"widget\" data-widget_type=\"image.default\">\n\t\t\t\t<div class=\"elementor-widget-container\">\n\t\t\t\t\t\t\t\t\t\t\t\t\t<img loading=\"lazy\" decoding=\"async\" width=\"364\" height=\"357\" src=\"https:\/\/villa-georges.com\/wp-content\/uploads\/2022\/11\/Group-155-1.png\" class=\"attachment-full size-full wp-image-639\" alt=\"\" srcset=\"https:\/\/villa-georges.com\/wp-content\/uploads\/2022\/11\/Group-155-1.png 364w, https:\/\/villa-georges.com\/wp-content\/uploads\/2022\/11\/Group-155-1-300x294.png 300w\" sizes=\"(max-width: 364px) 100vw, 364px\" \/>\t\t\t\t\t\t\t\t\t\t\t\t\t<\/div>\n\t\t\t\t<\/div>\n\t\t\t\t<section class=\"elementor-section elementor-inner-section elementor-element elementor-element-3cd4c05 elementor-section-height-min-height elementor-section-boxed elementor-section-height-default\" data-id=\"3cd4c05\" data-element_type=\"section\">\n\t\t\t\t\t\t<div class=\"elementor-container elementor-column-gap-default\">\n\t\t\t\t\t<div class=\"elementor-column elementor-col-100 elementor-inner-column elementor-element elementor-element-874f886\" data-id=\"874f886\" data-element_type=\"column\" data-settings=\"{&quot;background_background&quot;:&quot;classic&quot;}\">\n\t\t\t<div class=\"elementor-widget-wrap elementor-element-populated\">\n\t\t\t\t\t\t<div class=\"elementor-element elementor-element-14a86b5 elementor-widget elementor-widget-heading\" data-id=\"14a86b5\" data-element_type=\"widget\" data-widget_type=\"heading.default\">\n\t\t\t\t<div class=\"elementor-widget-container\">\n\t\t\t<h4 class=\"elementor-heading-title elementor-size-default translation-block\"><span style=\"font-size:15px\">9m<sup>2<\/sup><\/span> INDEPENDANT BUNGALOW &amp; <span style=\"font-size:15px\">8m<sup>2<\/sup><\/span> BATHROOM<\/h4>\t\t<\/div>\n\t\t\t\t<\/div>\n\t\t\t\t<div class=\"elementor-element elementor-element-75e373c elementor-widget-divider--view-line elementor-widget elementor-widget-divider\" data-id=\"75e373c\" data-element_type=\"widget\" data-widget_type=\"divider.default\">\n\t\t\t\t<div class=\"elementor-widget-container\">\n\t\t\t\t\t<div class=\"elementor-divider\">\n\t\t\t<span class=\"elementor-divider-separator\">\n\t\t\t\t\t\t<\/span>\n\t\t<\/div>\n\t\t\t\t<\/div>\n\t\t\t\t<\/div>\n\t\t\t\t<div class=\"elementor-element elementor-element-d947eb7 elementor-widget elementor-widget-text-editor\" data-id=\"d947eb7\" data-element_type=\"widget\" data-widget_type=\"text-editor.default\">\n\t\t\t\t<div class=\"elementor-widget-container\">\n\t\t\t\t\t\t\t<p>Queen size bed 153 x 203cm<br \/>Air-conditioning<br \/>Lighting<br \/>Two small sliding windows with mosquito nets <br \/>Sliding separation French doors <br \/>Safety box<br \/>Shower WC Sink<br \/>Closet under the sink <br \/>Washing machine<br \/>Two small windows with mosquito nets<\/p>\t\t\t\t\t\t<\/div>\n\t\t\t\t<\/div>\n\t\t\t\t\t<\/div>\n\t\t<\/div>\n\t\t\t\t\t<\/div>\n\t\t<\/section>\n\t\t\t\t\t<\/div>\n\t\t<\/div>\n\t\t\t\t\t<\/div>\n\t\t<\/section>\n\t\t\t\t\t<\/div>\n\t\t<\/div>\n\t\t\t\t\t<\/div>\n\t\t<\/section>\n\t\t\t\t<section class=\"elementor-section elementor-top-section elementor-element elementor-element-ec18533 elementor-section-boxed elementor-section-height-default elementor-section-height-default\" data-id=\"ec18533\" data-element_type=\"section\">\n\t\t\t\t\t\t<div class=\"elementor-container elementor-column-gap-default\">\n\t\t\t\t\t<div class=\"elementor-column elementor-col-33 elementor-top-column elementor-element elementor-element-038b503\" data-id=\"038b503\" data-element_type=\"column\">\n\t\t\t<div class=\"elementor-widget-wrap elementor-element-populated\">\n\t\t\t\t\t\t<div class=\"elementor-element elementor-element-300e79b elementor-widget elementor-widget-image\" data-id=\"300e79b\" data-element_type=\"widget\" data-widget_type=\"image.default\">\n\t\t\t\t<div class=\"elementor-widget-container\">\n\t\t\t\t\t\t\t\t\t\t\t\t\t<img loading=\"lazy\" decoding=\"async\" width=\"440\" height=\"335\" src=\"https:\/\/villa-georges.com\/wp-content\/uploads\/2022\/11\/Group-157-1.png\" class=\"attachment-full size-full wp-image-652\" alt=\"\" srcset=\"https:\/\/villa-georges.com\/wp-content\/uploads\/2022\/11\/Group-157-1.png 440w, https:\/\/villa-georges.com\/wp-content\/uploads\/2022\/11\/Group-157-1-300x228.png 300w\" sizes=\"(max-width: 440px) 100vw, 440px\" \/>\t\t\t\t\t\t\t\t\t\t\t\t\t<\/div>\n\t\t\t\t<\/div>\n\t\t\t\t\t<\/div>\n\t\t<\/div>\n\t\t\t\t<div class=\"elementor-column elementor-col-33 elementor-top-column elementor-element elementor-element-cabcedf\" data-id=\"cabcedf\" data-element_type=\"column\" data-settings=\"{&quot;background_background&quot;:&quot;classic&quot;}\">\n\t\t\t<div class=\"elementor-widget-wrap elementor-element-populated\">\n\t\t\t\t\t\t<div class=\"elementor-element elementor-element-05c46df elementor-widget elementor-widget-text-editor\" data-id=\"05c46df\" data-element_type=\"widget\" data-widget_type=\"text-editor.default\">\n\t\t\t\t<div class=\"elementor-widget-container\">\n\t\t\t\t\t\t\t<p>Let your host guide you!<br>\nWe can prepare a typical Thai meal for you or even help you organize your excursions!<\/p>\t\t\t\t\t\t<\/div>\n\t\t\t\t<\/div>\n\t\t\t\t\t<\/div>\n\t\t<\/div>\n\t\t\t\t<div class=\"elementor-column elementor-col-33 elementor-top-column elementor-element elementor-element-49ce1f0\" data-id=\"49ce1f0\" data-element_type=\"column\">\n\t\t\t<div class=\"elementor-widget-wrap elementor-element-populated\">\n\t\t\t\t\t\t<div class=\"elementor-element elementor-element-67d6d25 elementor-widget elementor-widget-image\" data-id=\"67d6d25\" data-element_type=\"widget\" data-widget_type=\"image.default\">\n\t\t\t\t<div class=\"elementor-widget-container\">\n\t\t\t\t\t\t\t\t\t\t\t\t\t<img loading=\"lazy\" decoding=\"async\" width=\"440\" height=\"335\" src=\"https:\/\/villa-georges.com\/wp-content\/uploads\/2022\/11\/Group-159.png\" class=\"attachment-full size-full wp-image-650\" alt=\"\" srcset=\"https:\/\/villa-georges.com\/wp-content\/uploads\/2022\/11\/Group-159.png 440w, https:\/\/villa-georges.com\/wp-content\/uploads\/2022\/11\/Group-159-300x228.png 300w\" sizes=\"(max-width: 440px) 100vw, 440px\" \/>\t\t\t\t\t\t\t\t\t\t\t\t\t<\/div>\n\t\t\t\t<\/div>\n\t\t\t\t\t<\/div>\n\t\t<\/div>\n\t\t\t\t\t<\/div>\n\t\t<\/section>\n\t\t\t\t<\/div>","protected":false},"excerpt":{"rendered":"<p>Love over gold Prenez possession de cette chambre parentale avec acc\u00e8s direct \u00e0 la terrasse et la piscine. Elle dispose d\u2019un lit king size de 183 x 203 cm, d\u2019armoires et de penderie, d\u2019un syst\u00e8me de climatisation et d\u2019un \u00e9clairage \u00e0 variateur d\u2019intensit\u00e9. Nous l\u2019avons \u00e9galement \u00e9quip\u00e9e de moustiquaires, et d\u2019un d\u00e9tecteur de mouvements. Enfin [&hellip;]<\/p>","protected":false},"author":1,"featured_media":0,"parent":0,"menu_order":0,"comment_status":"closed","ping_status":"closed","template":"","meta":{"footnotes":""},"class_list":["post-666","page","type-page","status-publish","hentry"],"_links":{"self":[{"href":"https:\/\/villa-georges.com\/en\/wp-json\/wp\/v2\/pages\/666","targetHints":{"allow":["GET"]}}],"collection":[{"href":"https:\/\/villa-georges.com\/en\/wp-json\/wp\/v2\/pages"}],"about":[{"href":"https:\/\/villa-georges.com\/en\/wp-json\/wp\/v2\/types\/page"}],"author":[{"embeddable":true,"href":"https:\/\/villa-georges.com\/en\/wp-json\/wp\/v2\/users\/1"}],"replies":[{"embeddable":true,"href":"https:\/\/villa-georges.com\/en\/wp-json\/wp\/v2\/comments?post=666"}],"version-history":[{"count":29,"href":"https:\/\/villa-georges.com\/en\/wp-json\/wp\/v2\/pages\/666\/revisions"}],"predecessor-version":[{"id":1030,"href":"https:\/\/villa-georges.com\/en\/wp-json\/wp\/v2\/pages\/666\/revisions\/1030"}],"wp:attachment":[{"href":"https:\/\/villa-georges.com\/en\/wp-json\/wp\/v2\/media?parent=666"}],"curies":[{"name":"wp","href":"https:\/\/api.w.org\/{rel}","templated":true}]}}